{"id":15,"date":"2024-06-04T14:28:52","date_gmt":"2024-06-04T12:28:52","guid":{"rendered":"http:\/\/dev.loupargente.fr\/?page_id=15"},"modified":"2024-06-07T08:59:04","modified_gmt":"2024-06-07T06:59:04","slug":"a-propos-de","status":"publish","type":"page","link":"https:\/\/dev.loupargente.fr\/","title":{"rendered":"\u00c0 propos de la Compagnie"},"content":{"rendered":"\n<p class=\"is-style-default\">La Compagnie du Loup Argent\u00e9 est une association tourangelle, loi 1901, de reconstitution historique fond\u00e9e en 2003.<\/p>\n\n\n\n<p class=\"is-style-default\">Nous reconstituons un camp marchand itin\u00e9rant de la 2e moiti\u00e9 du XIVe si\u00e8cle. Dans ces temps de guerre, Dame Clara Nissarta, notre marchande, a engag\u00e9 une troupe militaire pour lui servir d&rsquo;escorte.<\/p>\n\n\n\n<p class=\"has-text-align-center\">Notre Association se r\u00e9uni tous les jeudis soir (hors vacances scolaires), de 19h \u00e0 21h, <br>\u00e0 la <strong>Maison des Associations, <br>Salle d&rsquo;activit\u00e9 N\u00b01, <br>94 rue du Sanitas \u00e0 Tours.<\/strong><\/p>\n\n\n\n<div class=\"wp-block-buttons is-content-justification-center is-layout-flex wp-container-core-buttons-is-layout-16018d1d wp-block-buttons-is-layout-flex\">\n<div class=\"wp-block-button\"><a class=\"wp-block-button__link wp-element-button\" href=\"https:\/\/dev.loupargente.fr\/index.php\/contact\/\">Nous Contacter<\/a><\/div>\n<\/div>\n","protected":false},"excerpt":{"rendered":"<p>La Compagnie du Loup Argent\u00e9 est une association tourangelle, loi 1901, de reconstitution historique fond\u00e9e en 2003. Nous reconstituons un camp marchand<\/p>\n<p class=\"link-more\"><a class=\"myButt \" href=\"https:\/\/dev.loupargente.fr\/\">Read More<\/a><\/p>\n","protected":false},"author":1,"featured_media":0,"parent":0,"menu_order":0,"comment_status":"closed","ping_status":"closed","template":"","meta":{"footnotes":""},"class_list":["post-15","page","type-page","status-publish","hentry"],"_links":{"self":[{"href":"https:\/\/dev.loupargente.fr\/index.php\/wp-json\/wp\/v2\/pages\/15","targetHints":{"allow":["GET"]}}],"collection":[{"href":"https:\/\/dev.loupargente.fr\/index.php\/wp-json\/wp\/v2\/pages"}],"about":[{"href":"https:\/\/dev.loupargente.fr\/index.php\/wp-json\/wp\/v2\/types\/page"}],"author":[{"embeddable":true,"href":"https:\/\/dev.loupargente.fr\/index.php\/wp-json\/wp\/v2\/users\/1"}],"replies":[{"embeddable":true,"href":"https:\/\/dev.loupargente.fr\/index.php\/wp-json\/wp\/v2\/comments?post=15"}],"version-history":[{"count":6,"href":"https:\/\/dev.loupargente.fr\/index.php\/wp-json\/wp\/v2\/pages\/15\/revisions"}],"predecessor-version":[{"id":58,"href":"https:\/\/dev.loupargente.fr\/index.php\/wp-json\/wp\/v2\/pages\/15\/revisions\/58"}],"wp:attachment":[{"href":"https:\/\/dev.loupargente.fr\/index.php\/wp-json\/wp\/v2\/media?parent=15"}],"curies":[{"name":"wp","href":"https:\/\/api.w.org\/{rel}","templated":true}]}}